{"id":1492,"date":"2026-04-25T15:53:57","date_gmt":"2026-04-25T13:53:57","guid":{"rendered":"https:\/\/www.pfarrei-elsendorf.de\/content\/?page_id=1492"},"modified":"2026-04-25T15:53:57","modified_gmt":"2026-04-25T13:53:57","slug":"cookie-richtlinie","status":"publish","type":"page","link":"https:\/\/www.pfarrei-elsendorf.de\/content\/cookie-richtlinie\/","title":{"rendered":"Cookie Richtlinie"},"content":{"rendered":"<div class=\"cli_pg_page_container\">\n<h3>\u00dcber diese Cookie-Richtlinie<\/h3>\n<div>Diese Cookie-Richtlinie erkl\u00e4rt, was Cookies sind und wie wir sie verwenden, welche Arten von Cookies wir einsetzen (d. h. welche Informationen wir mithilfe von Cookies sammeln) und wie diese Informationen verwendet werden, sowie wie Sie Ihre Cookie-Einstellungen verwalten k\u00f6nnen. Weitere Informationen dar\u00fcber, wie wir Ihre personenbezogenen Daten verwenden, speichern und sch\u00fctzen, finden Sie in unserer Datenschutzerkl\u00e4rung.Sie k\u00f6nnen Ihre Einwilligung zur Cookie-Erkl\u00e4rung auf unserer Website jederzeit \u00e4ndern oder widerrufen.Mehr \u00fcber uns, unsere Kontaktm\u00f6glichkeiten und die Verarbeitung personenbezogener Daten erfahren Sie in unserer Datenschutzerkl\u00e4rung.Ihre Einwilligung gilt f\u00fcr die folgenden Domains: www.pfarrei-elsendorf.de\u00a0<div class=\"cli_user_consent_state\">Dein aktueller Status: Keine Einwilligung erteilt. <a class=\"cli_manage_current_consent\" style=\"cursor:pointer;text-decoration:underline;\">Verwalte deine Einwilligung<\/a> <\/div><\/div>\n<p>Was sind Cookies?<br \/>\nCookies sind kleine Textdateien, die Informationen speichern. Sie werden auf Ihrem Ger\u00e4t gespeichert, sobald Sie unsere Website in Ihrem Browser aufrufen. Mithilfe dieser Cookies stellen wir sicher, dass unsere Website ordnungsgem\u00e4\u00df funktioniert, sicherer ist, ein besseres Nutzererlebnis bietet und die Website-Performance analysiert. So k\u00f6nnen wir herausfinden, was gut funktioniert und wo Verbesserungsbedarf besteht.<\/p>\n<p>Wie verwenden wir Cookies?<\/p>\n<p>Wie die meisten Online-Dienste verwendet auch unsere Website Erstanbieter- und Drittanbieter-Cookies f\u00fcr verschiedene Zwecke. Erstanbieter-Cookies sind gr\u00f6\u00dftenteils notwendig, damit die Website korrekt funktioniert. Sie erfassen keine personenbezogenen Daten.<\/p>\n<p>Die auf unserer Website verwendeten Drittanbieter-Cookies dienen haupts\u00e4chlich dazu, die Website-Performance und Ihre Interaktion mit unserer Website zu analysieren, unsere Dienste zu sch\u00fctzen, Ihnen relevante Werbung anzuzeigen und Ihnen insgesamt ein besseres Nutzererlebnis zu bieten sowie Ihre zuk\u00fcnftigen Interaktionen mit unserer Website zu beschleunigen.<\/p>\n<p>Welche Arten von Cookies verwenden wir?<\/p>\n<p>Notwendige Cookies: Einige Cookies sind unerl\u00e4sslich, damit Sie alle Funktionen unserer Website nutzen k\u00f6nnen. Sie erm\u00f6glichen es uns, Benutzersitzungen aufrechtzuerhalten und Sicherheitsbedrohungen vorzubeugen. Sie erfassen oder speichern keine personenbezogenen Daten. Beispielsweise erm\u00f6glichen Ihnen diese Cookies, sich in Ihr Konto einzuloggen, Produkte in Ihren Warenkorb zu legen und sicher zur Kasse zu gehen.<\/p>\n<p>Statistik-Cookies: Diese Cookies speichern Informationen wie die Anzahl der Website-Besucher, die Anzahl der eindeutigen Besucher, welche Seiten der Website besucht wurden, die Herkunft des Besuchs usw. Diese Daten helfen uns zu verstehen und zu analysieren, wie gut die Website funktioniert und wo Verbesserungsbedarf besteht.<\/p>\n<p>Marketing-Cookies: Unsere Website zeigt Werbung an. Diese Cookies werden verwendet, um die Ihnen angezeigte Werbung zu personalisieren und so f\u00fcr Sie relevant zu gestalten. Diese Cookies helfen uns auch, die Effizienz dieser Werbekampagnen zu messen.<br \/>\nDie in diesen Cookies gespeicherten Informationen k\u00f6nnen auch von Drittanbietern verwendet werden, um Ihnen Werbung auf anderen Websites in Ihrem Browser anzuzeigen.<\/p>\n<p>Funktionale Cookies: Diese Cookies unterst\u00fctzen bestimmte nicht unbedingt notwendige Funktionen auf unserer Website. Zu diesen Funktionen geh\u00f6ren das Einbetten von Inhalten wie Videos oder das Teilen von Website-Inhalten auf Social-Media-Plattformen.<\/p>\n<p>Pr\u00e4ferenzen: Diese Cookies helfen uns, Ihre Einstellungen und Browsing-Pr\u00e4ferenzen, wie z. B. Ihre Sprachpr\u00e4ferenzen, zu speichern, damit Sie bei zuk\u00fcnftigen Besuchen unserer Website ein besseres und effizienteres Erlebnis haben.<\/p>\n\n<p>Wie kann ich meine Cookie-Einstellungen verwalten?<\/p>\n<p>Wenn Sie Ihre Pr\u00e4ferenzen w\u00e4hrend Ihrer Browsersitzung \u00e4ndern m\u00f6chten, klicken Sie auf den Tab \u201eEinwilligung verwalten\u201c. Dadurch wird der Einwilligungshinweis erneut angezeigt, sodass Sie Ihre Pr\u00e4ferenzen \u00e4ndern oder Ihre Einwilligung vollst\u00e4ndig widerrufen k\u00f6nnen.<\/p>\n<p>Dar\u00fcber hinaus bieten verschiedene Browser unterschiedliche Methoden zum Blockieren und L\u00f6schen von Website-Cookies. Sie k\u00f6nnen die Einstellungen Ihres Browsers entsprechend anpassen. Weitere Informationen zum Verwalten und L\u00f6schen von Cookies finden Sie auf wikipedia.org und www.allaboutcookies.org.<\/p>\n<\/div>\n","protected":false},"excerpt":{"rendered":"<p>\u00dcber diese Cookie-Richtlinie Diese Cookie-Richtlinie erkl\u00e4rt, was Cookies sind und wie wir sie verwenden, welche Arten von Cookies wir einsetzen (d. h. welche Informationen wir mithilfe von Cookies sammeln) und wie diese Informationen verwendet werden, sowie wie Sie Ihre Cookie-Einstellungen verwalten k\u00f6nnen. Weitere Informationen dar\u00fcber, wie wir Ihre personenbezogenen Daten verwenden, speichern und sch\u00fctzen, finden &hellip; <a href=\"https:\/\/www.pfarrei-elsendorf.de\/content\/cookie-richtlinie\/\" class=\"more-link\"><span class=\"screen-reader-text\">Cookie Richtlinie<\/span> weiterlesen <span class=\"meta-nav\">&rarr;<\/span><\/a><\/p>\n","protected":false},"author":1,"featured_media":0,"parent":0,"menu_order":0,"comment_status":"closed","ping_status":"closed","template":"","meta":{"footnotes":""},"class_list":["post-1492","page","type-page","status-publish","hentry"],"_links":{"self":[{"href":"https:\/\/www.pfarrei-elsendorf.de\/content\/wp-json\/wp\/v2\/pages\/1492","targetHints":{"allow":["GET"]}}],"collection":[{"href":"https:\/\/www.pfarrei-elsendorf.de\/content\/wp-json\/wp\/v2\/pages"}],"about":[{"href":"https:\/\/www.pfarrei-elsendorf.de\/content\/wp-json\/wp\/v2\/types\/page"}],"author":[{"embeddable":true,"href":"https:\/\/www.pfarrei-elsendorf.de\/content\/wp-json\/wp\/v2\/users\/1"}],"replies":[{"embeddable":true,"href":"https:\/\/www.pfarrei-elsendorf.de\/content\/wp-json\/wp\/v2\/comments?post=1492"}],"version-history":[{"count":1,"href":"https:\/\/www.pfarrei-elsendorf.de\/content\/wp-json\/wp\/v2\/pages\/1492\/revisions"}],"predecessor-version":[{"id":1494,"href":"https:\/\/www.pfarrei-elsendorf.de\/content\/wp-json\/wp\/v2\/pages\/1492\/revisions\/1494"}],"wp:attachment":[{"href":"https:\/\/www.pfarrei-elsendorf.de\/content\/wp-json\/wp\/v2\/media?parent=1492"}],"curies":[{"name":"wp","href":"https:\/\/api.w.org\/{rel}","templated":true}]}}