{"id":15,"date":"2015-05-30T07:36:20","date_gmt":"2015-05-30T05:36:20","guid":{"rendered":"http:\/\/www.pfarrei-elsendorf.de\/content\/?page_id=15"},"modified":"2024-12-05T21:34:41","modified_gmt":"2024-12-05T20:34:41","slug":"kirchenverwaltung","status":"publish","type":"page","link":"https:\/\/www.pfarrei-elsendorf.de\/content\/kirchenverwaltung\/","title":{"rendered":"Kirchenverwaltung"},"content":{"rendered":"<p><strong><u>Kirchenverwaltungswahlen 2024:<br \/>\n<\/u><\/strong><strong>Folgende Mitglieder wurden f\u00fcr die neue<br \/>\n<\/strong><strong>Wahlperiode 2025 bis 2030 gew\u00e4hlt:<\/strong><\/p>\n<p><strong><u>F\u00fcr Elsendorf:<\/u><\/strong><br \/>\nPatrick Engelhard, Georg Linseisen, Brigitte Raith, Anton Stanglmair,<\/p>\n<p><strong><u>F\u00fcr Horneck:<\/u><\/strong><br \/>\nRaimund Ecker<\/p>\n<p><strong><u>F\u00fcr Appersdorf:<\/u><\/strong><br \/>\nMichael Fellner, Englbert Hartl, Anton Hilz, Egid Senger<br \/>\n<a href=\"https:\/\/www.pfarrei-elsendorf.de\/content\/friedhofsordnung-und-friedhofsgebuehrenordnung-appersdorf\/\">Friedhofsordnung und Friedhofsgeb\u00fchrenordnung Appersdorf<\/a><\/p>\n<p><strong><u>F\u00fcr Meilenhofen:<\/u><\/strong><br \/>\nGertraud Burgmeier<\/p>\n<p><strong><u>F\u00fcr Haunsbach:<\/u><\/strong><strong><br \/>\n<\/strong>Annemarie Weiher<\/p>\n<p><strong><u>F\u00fcr Berghausen:<\/u><\/strong><br \/>\nGeorg Burger, Ludwig Dasch, Marianne Haltmaier, Sebastian Haltmaier<\/p>\n<hr \/>\n<p><strong>Kirchenverwaltung &#8211; Pfarreiengemeinschaft\u00a0\u00a0 Elsendorf\u00a0 Appersdorf\u00a0\u00a0 Berghausen<\/strong><br \/>\n<strong>Die Mitglieder der Kirchenverwaltung f\u00fcr die Amtszeit 2019 \u2013 2025<\/strong><\/p>\n<p><strong>Elsendorf<\/strong><br \/>\nMartin Biendl, Raimund Ecker (Horneck), Georg Linseisen, Brigitte Raith, Franz Zirngibl; als Ersatzleute Archus Neumayer und Gundi Weingartner.<\/p>\n<p><strong>Appersdorf<\/strong><br \/>\nTraudl Burgmeier, Michael Fellner, Englbert Hartl, Egid Senger; als Ersatzleute Sebastian Gabelsberger, Anton Hilz und Annemarie Weiher.<br \/>\n<a href=\"https:\/\/www.pfarrei-elsendorf.de\/content\/friedhofsordnung-und-friedhofsgebuehrenordnung-appersdorf\/\">Friedhofsordnung und Friedhofsgeb\u00fchrenordnung Appersdorf<\/a><\/p>\n<p><strong>Berghausen<\/strong><br \/>\nGeorg Burger, Ludwig Dasch, Sebastian Haltmaier, Wolfgang Kramschuster<\/p>\n<hr \/>\n<p>Die Mitglieder der Kirchenverwaltung Appersdorf f\u00fcr die Amtszeit 2013 \u2013 2018<br \/>\neinschlie\u00dflich Berufungen sind<\/p>\n<p>f\u00fcr Appersdorf<br \/>\nMichael Fellner,<br \/>\nJohann Ginzinger,<br \/>\nEnglbert Hartl,<br \/>\nEgid Senger<\/p>\n<p>f\u00fcr Haunsbach<br \/>\nAnnemarie Weiher,<\/p>\n<p>f\u00fcr Meilenhofen<br \/>\nGertraud Burgmeier<br \/>\nSebastian Oberst\u00f6tter,<\/p>\n<p>&nbsp;<\/p>\n<p>Die Mitglieder der Kirchenverwaltung Berghausen f\u00fcr die Amtszeit 2013 \u2013 2018<\/p>\n<p>Georg Burger,<br \/>\nKatharina Dasch,<br \/>\nWolfgang Kramschuster,<br \/>\nPeter Prummer<\/p>\n<p>&nbsp;<\/p>\n<p>Die Mitglieder der Kirchenverwaltung Elsendorf f\u00fcr die Amtszeit 2013 \u2013 2018 sind<\/p>\n<p>f\u00fcr Elsendorf<br \/>\nMatth\u00e4us Faltermeier,<br \/>\nGeorg Linseisen,<br \/>\nGundi Weingartner,<br \/>\nFranz Zirngibl<\/p>\n<p>f\u00fcr Horneck<br \/>\nLeonhard Sachsenhauser<br \/>\nWir danken den Mitgliedern der Wahlaussch\u00fcsse, allen Kandidaten und<br \/>\nallen W\u00e4hlern. Allen Gew\u00e4hlten herzlichen Gl\u00fcckwunsch und<br \/>\nGottes Segen f\u00fcr ihre Aufgaben.<\/p>\n","protected":false},"excerpt":{"rendered":"<p>Kirchenverwaltungswahlen 2024: Folgende Mitglieder wurden f\u00fcr die neue Wahlperiode 2025 bis 2030 gew\u00e4hlt: F\u00fcr Elsendorf: Patrick Engelhard, Georg Linseisen, Brigitte Raith, Anton Stanglmair, F\u00fcr Horneck: Raimund Ecker F\u00fcr Appersdorf: Michael Fellner, Englbert Hartl, Anton Hilz, Egid Senger Friedhofsordnung und Friedhofsgeb\u00fchrenordnung Appersdorf F\u00fcr Meilenhofen: Gertraud Burgmeier F\u00fcr Haunsbach: Annemarie Weiher F\u00fcr Berghausen: Georg Burger, Ludwig Dasch, &hellip; <a href=\"https:\/\/www.pfarrei-elsendorf.de\/content\/kirchenverwaltung\/\" class=\"more-link\"><span class=\"screen-reader-text\">Kirchenverwaltung<\/span> weiterlesen <span class=\"meta-nav\">&rarr;<\/span><\/a><\/p>\n","protected":false},"author":1,"featured_media":0,"parent":0,"menu_order":0,"comment_status":"closed","ping_status":"closed","template":"","meta":{"footnotes":""},"class_list":["post-15","page","type-page","status-publish","hentry"],"_links":{"self":[{"href":"https:\/\/www.pfarrei-elsendorf.de\/content\/wp-json\/wp\/v2\/pages\/15","targetHints":{"allow":["GET"]}}],"collection":[{"href":"https:\/\/www.pfarrei-elsendorf.de\/content\/wp-json\/wp\/v2\/pages"}],"about":[{"href":"https:\/\/www.pfarrei-elsendorf.de\/content\/wp-json\/wp\/v2\/types\/page"}],"author":[{"embeddable":true,"href":"https:\/\/www.pfarrei-elsendorf.de\/content\/wp-json\/wp\/v2\/users\/1"}],"replies":[{"embeddable":true,"href":"https:\/\/www.pfarrei-elsendorf.de\/content\/wp-json\/wp\/v2\/comments?post=15"}],"version-history":[{"count":6,"href":"https:\/\/www.pfarrei-elsendorf.de\/content\/wp-json\/wp\/v2\/pages\/15\/revisions"}],"predecessor-version":[{"id":1351,"href":"https:\/\/www.pfarrei-elsendorf.de\/content\/wp-json\/wp\/v2\/pages\/15\/revisions\/1351"}],"wp:attachment":[{"href":"https:\/\/www.pfarrei-elsendorf.de\/content\/wp-json\/wp\/v2\/media?parent=15"}],"curies":[{"name":"wp","href":"https:\/\/api.w.org\/{rel}","templated":true}]}}